{"id":2373,"date":"2025-11-03T10:51:44","date_gmt":"2025-11-03T08:51:44","guid":{"rendered":"https:\/\/howbody.ch\/riabilitazione-e-anziani\/"},"modified":"2025-11-28T13:29:36","modified_gmt":"2025-11-28T11:29:36","slug":"riabilitazione-e-anziani","status":"publish","type":"page","link":"https:\/\/howbody.ch\/it\/riabilitazione-e-anziani\/","title":{"rendered":"Riabilitazione e anziani"},"content":{"rendered":"\t\t<div data-elementor-type=\"wp-page\" data-elementor-id=\"2373\" class=\"elementor elementor-2373 elementor-1677\" data-elementor-post-type=\"page\">\n\t\t\t\t<div class=\"elementor-element elementor-element-40fd8ec e-con-full e-flex e-con e-parent\" data-id=\"40fd8ec\" data-element_type=\"container\" data-e-type=\"container\" data-settings=\"{&quot;background_background&quot;:&quot;classic&quot;}\">\n\t\t<div class=\"elementor-element elementor-element-d4d53f1 e-con-full e-flex e-con e-child\" data-id=\"d4d53f1\" data-element_type=\"container\" data-e-type=\"container\">\n\t\t\t\t<div class=\"elementor-element elementor-element-fcbea9b elementor-widget__width-inherit elementor-widget elementor-widget-heading\" data-id=\"fcbea9b\" data-element_type=\"widget\" data-e-type=\"widget\" data-widget_type=\"heading.default\">\n\t\t\t\t\t<h1 class=\"elementor-heading-title elementor-size-default\">L'esperienza HowBody<br> per il<br> Riabilitazione e anziani<\/h1>\t\t\t\t<\/div>\n\t\t\t\t<\/div>\n\t\t\t\t<\/div>\n\t\t<div class=\"elementor-element elementor-element-779e0b9 e-con-full e-flex e-con e-parent\" data-id=\"779e0b9\" data-element_type=\"container\" data-e-type=\"container\" data-settings=\"{&quot;background_background&quot;:&quot;gradient&quot;}\">\n\t\t<div class=\"elementor-element elementor-element-cf85dc0 e-con-full e-flex e-con e-child\" data-id=\"cf85dc0\" data-element_type=\"container\" data-e-type=\"container\">\n\t\t\t\t<div class=\"elementor-element elementor-element-2f5659f elementor-invisible elementor-widget elementor-widget-heading\" data-id=\"2f5659f\" data-element_type=\"widget\" data-e-type=\"widget\" data-settings=\"{&quot;_animation&quot;:&quot;fadeInUp&quot;,&quot;_animation_delay&quot;:200}\" data-widget_type=\"heading.default\">\n\t\t\t\t\t<h2 class=\"elementor-heading-title elementor-size-default\">Riabilitazione e ripristino della mobilit\u00e0<\/h2>\t\t\t\t<\/div>\n\t\t\t\t<div class=\"elementor-element elementor-element-5b0bf1f elementor-widget__width-initial elementor-widget-tablet__width-inherit elementor-invisible elementor-widget elementor-widget-text-editor\" data-id=\"5b0bf1f\" data-element_type=\"widget\" data-e-type=\"widget\" data-settings=\"{&quot;_animation&quot;:&quot;fadeInUp&quot;,&quot;_animation_delay&quot;:400}\" data-widget_type=\"text-editor.default\">\n\t\t\t\t\t\t\t\t\t<p>HowBody \u00e8 lo strumento essenziale per quantificare i progressi nella riabilitazione e supportare il recupero funzionale.<\/p><ul><li><p><b>Valutazione muscolare precisa:<\/b> misura <b>la distribuzione segmentale dei muscoli<\/b> (gambe, braccia, tronco) per individuare deficit, prevenire squilibri e adattare con precisione gli esercizi di rafforzamento.<\/p><\/li><li><p><b>Obiettivo:<\/b> documentare l&#8217;aumento di massa muscolare o il miglioramento dell&#8217;idratazione postoperatoria. Questi dati oggettivi dimostrano l&#8217;efficacia del protocollo e sono fondamentali per <b>la segnalazione<\/b> e il confronto con i medici curanti. <\/p><\/li><li><p><b>Motivazione del paziente:<\/b> i pazienti vedono i loro sforzi tradotti in dati positivi (aumento dell&#8217;indice di massa muscolare magra), che rappresenta un potente motore di aderenza al programma di riabilitazione, spesso lungo e impegnativo.<\/p><\/li><\/ul>\t\t\t\t\t\t\t\t<\/div>\n\t\t\t\t<div class=\"elementor-element elementor-element-75c8d7e elementor-align-center elementor-widescreen-align-left elementor-invisible elementor-widget elementor-widget-button\" data-id=\"75c8d7e\" data-element_type=\"widget\" data-e-type=\"widget\" data-settings=\"{&quot;_animation&quot;:&quot;fadeInUp&quot;,&quot;_animation_delay&quot;:600}\" data-widget_type=\"button.default\">\n\t\t\t\t\t\t\t\t\t\t<a class=\"elementor-button elementor-button-link elementor-size-sm elementor-animation-grow\" href=\"#devis\">\n\t\t\t\t\t\t<span class=\"elementor-button-content-wrapper\">\n\t\t\t\t\t\t\t\t\t<span class=\"elementor-button-text\">Ordina il tuo HowBody<\/span>\n\t\t\t\t\t<\/span>\n\t\t\t\t\t<\/a>\n\t\t\t\t\t\t\t\t<\/div>\n\t\t\t\t<\/div>\n\t\t\t\t<div class=\"elementor-element elementor-element-2fe109e elementor-widget__width-initial elementor-widget elementor-widget-image\" data-id=\"2fe109e\" data-element_type=\"widget\" data-e-type=\"widget\" data-widget_type=\"image.default\">\n\t\t\t\t\t\t\t\t\t\t\t\t\t\t\t<img fetchpriority=\"high\" decoding=\"async\" width=\"1080\" height=\"1610\" src=\"https:\/\/howbody.ch\/wp-content\/uploads\/2025\/11\/reeducation-restaurer-la-mobilite.jpg\" class=\"attachment-full size-full wp-image-2944\" alt=\"Riabilitazione per ripristinare la mobilit\u00e0\" srcset=\"https:\/\/howbody.ch\/wp-content\/uploads\/2025\/11\/reeducation-restaurer-la-mobilite.jpg 1080w, https:\/\/howbody.ch\/wp-content\/uploads\/2025\/11\/reeducation-restaurer-la-mobilite-201x300.jpg 201w, https:\/\/howbody.ch\/wp-content\/uploads\/2025\/11\/reeducation-restaurer-la-mobilite-687x1024.jpg 687w, https:\/\/howbody.ch\/wp-content\/uploads\/2025\/11\/reeducation-restaurer-la-mobilite-768x1145.jpg 768w, https:\/\/howbody.ch\/wp-content\/uploads\/2025\/11\/reeducation-restaurer-la-mobilite-1030x1536.jpg 1030w\" sizes=\"(max-width: 1080px) 100vw, 1080px\" \/>\t\t\t\t\t\t\t\t\t\t\t\t\t\t\t<\/div>\n\t\t\t\t<\/div>\n\t\t<div class=\"elementor-element elementor-element-7ed2ca2 e-con-full e-flex e-con e-parent\" data-id=\"7ed2ca2\" data-element_type=\"container\" data-e-type=\"container\" data-settings=\"{&quot;background_background&quot;:&quot;classic&quot;}\">\n\t\t<div class=\"elementor-element elementor-element-02e08fa e-flex e-con-boxed e-con e-child\" data-id=\"02e08fa\" data-element_type=\"container\" data-e-type=\"container\">\n\t\t\t\t\t<div class=\"e-con-inner\">\n\t\t\t\t<div class=\"elementor-element elementor-element-6c29b92 elementor-invisible elementor-widget elementor-widget-heading\" data-id=\"6c29b92\" data-element_type=\"widget\" data-e-type=\"widget\" data-settings=\"{&quot;_animation&quot;:&quot;fadeInUp&quot;}\" data-widget_type=\"heading.default\">\n\t\t\t\t\t<h2 class=\"elementor-heading-title elementor-size-default\">Punti di forza.<\/h2>\t\t\t\t<\/div>\n\t\t\t\t<div class=\"elementor-element elementor-element-bc94c1d elementor-invisible elementor-widget elementor-widget-button\" data-id=\"bc94c1d\" data-element_type=\"widget\" data-e-type=\"widget\" data-settings=\"{&quot;_animation&quot;:&quot;fadeInUp&quot;,&quot;_animation_delay&quot;:200}\" data-widget_type=\"button.default\">\n\t\t\t\t\t\t\t\t\t\t<a class=\"elementor-button elementor-button-link elementor-size-sm\" href=\"#elementor-action%3Aaction%3Dlightbox%26settings%3DeyJ0eXBlIjoidmlkZW8iLCJ2aWRlb1R5cGUiOiJob3N0ZWQiLCJ1cmwiOiJodHRwczpcL1wvaG93Ym9keS5jaFwvd3AtY29udGVudFwvdXBsb2Fkc1wvMjAyNVwvMDlcL1M1ODAubXA0In0%3D\">\n\t\t\t\t\t\t<span class=\"elementor-button-content-wrapper\">\n\t\t\t\t\t\t<span class=\"elementor-button-icon\">\n\t\t\t\t<svg aria-hidden=\"true\" class=\"e-font-icon-svg e-far-play-circle\" viewBox=\"0 0 512 512\" xmlns=\"http:\/\/www.w3.org\/2000\/svg\"><path d=\"M371.7 238l-176-107c-15.8-8.8-35.7 2.5-35.7 21v208c0 18.4 19.8 29.8 35.7 21l176-101c16.4-9.1 16.4-32.8 0-42zM504 256C504 119 393 8 256 8S8 119 8 256s111 248 248 248 248-111 248-248zm-448 0c0-110.5 89.5-200 200-200s200 89.5 200 200-89.5 200-200 200S56 366.5 56 256z\"><\/path><\/svg>\t\t\t<\/span>\n\t\t\t\t\t\t\t\t\t<span class=\"elementor-button-text\">Guarda il film<\/span>\n\t\t\t\t\t<\/span>\n\t\t\t\t\t<\/a>\n\t\t\t\t\t\t\t\t<\/div>\n\t\t\t\t\t<\/div>\n\t\t\t\t<\/div>\n\t\t\t\t<div class=\"elementor-element elementor-element-bdc8b3f elementor-widget__width-inherit elementor-invisible elementor-widget elementor-widget-ucaddon_justified_image_carousel\" data-id=\"bdc8b3f\" data-element_type=\"widget\" data-e-type=\"widget\" data-settings=\"{&quot;_animation&quot;:&quot;fadeInRight&quot;}\" data-widget_type=\"ucaddon_justified_image_carousel.default\">\n\t\t\t\t<div class=\"elementor-widget-container\">\n\t\t\t\t\t\n<!-- start Justified Image Carousel -->\n\t\t<link id='font-awesome-css' href='https:\/\/howbody.ch\/wp-content\/plugins\/unlimited-elements-for-elementor-premium\/assets_libraries\/font-awesome6\/fontawesome-all.min.css' type='text\/css' rel='stylesheet' >\n\t\t<link id='font-awesome-4-shim-css' href='https:\/\/howbody.ch\/wp-content\/plugins\/unlimited-elements-for-elementor-premium\/assets_libraries\/font-awesome6\/fontawesome-v4-shims.min.css' type='text\/css' rel='stylesheet' >\n\t\t<link id='owl-carousel-css' href='https:\/\/howbody.ch\/wp-content\/plugins\/unlimited-elements-for-elementor-premium\/assets_libraries\/owl-carousel-new\/assets\/owl.carousel.css' type='text\/css' rel='stylesheet' >\n\t\t<link id='fancybox-css' href='https:\/\/howbody.ch\/wp-content\/plugins\/unlimited-elements-for-elementor-premium\/assets_libraries\/fancybox3\/jquery.fancybox.min.css' type='text\/css' rel='stylesheet' >\n\t\t<link id='uc_ac_assets_file_swiper_css_19301-css' href='https:\/\/howbody.ch\/wp-content\/uploads\/ac_assets\/full_width_image_carousel\/swiper.css' type='text\/css' rel='stylesheet' >\n\t\t<link id='uc_ac_assets_file_e_swiper_css_5896-css' href='https:\/\/howbody.ch\/wp-content\/uploads\/ac_assets\/full_width_image_carousel\/e-swiper.css' type='text\/css' rel='stylesheet' >\n\t\t<link id='uc_ac_assets_file_elementor_icons_css_25995-css' href='https:\/\/howbody.ch\/wp-content\/uploads\/ac_assets\/full_width_image_carousel\/elementor-icons.css' type='text\/css' rel='stylesheet' >\n\n<style>\/* widget: Justified Image Carousel *\/\n\n#uc_justified_image_carousel_elementor_bdc8b3f{\n  min-height:1px;\n}\n\n#uc_justified_image_carousel_elementor_bdc8b3f-wrapper{\n  min-height:1px;\n}\n\n#uc_justified_image_carousel_elementor_bdc8b3f img{\n  height:60vh !important;\n}\n\n\n@media only screen and (max-width: 1024px) {\n  #uc_justified_image_carousel_elementor_bdc8b3f img{\n    height:45vh !important;\n  }\n}\n\n@media only screen and (max-width: 767px) {  \n  #uc_justified_image_carousel_elementor_bdc8b3f img{\n    height:45vh !important;\n  }\n  \n  }\n\n#uc_justified_image_carousel_elementor_bdc8b3f .ue-item{\n  overflow:hidden;\n  position:relative;\n}\n\n#uc_justified_image_carousel_elementor_bdc8b3f .item_button{\n  transition: all .3s ease;\n  display: inline-block;\n  }\n\n\n#uc_justified_image_carousel_elementor_bdc8b3f .item_subtitle{\n  transition: all .3s ease;\n  }\n\n\n#uc_justified_image_carousel_elementor_bdc8b3f .item_title{\n  transition: all .3s ease;\n      position:absolute;  \n    top:0;\n    width:100%;\n}\n\n#uc_justified_image_carousel_elementor_bdc8b3f .owl-nav .owl-prev{\n    position:absolute;\n    \/* left:0pxpx; *\/\n    display:inline-block;\n    text-align:center;\n}\n#uc_justified_image_carousel_elementor_bdc8b3f .owl-nav .owl-next{\n  position:absolute;\n  \/* right:0pxpx; *\/\n  display:inline-block;\n  text-align:center;\n}\n\n\n\n\n\n<\/style>\n\n<div id=\"uc_justified_image_carousel_elementor_bdc8b3f-wrapper\">\n  <div id=\"uc_justified_image_carousel_elementor_bdc8b3f\" class=\"owl-carousel owl-theme uc-items-wrapper  uc-remote-parent \" data-lightbox=\"false\" data-use-elementor-lightbox=\"false\" data-constant-width=\"false\"  data-remoteid='auto' data-widgetname='Justified Image Carousel' data-sync='true' data-syncid='group4' >\n      \n<div class=\"item ue-item\">\n  \n      <a href=\"javascript:void(0);\"> \n  \t\n  \n<img decoding=\"async\"  src=\"https:\/\/howbody.ch\/wp-content\/uploads\/2025\/09\/bornes-texte-768x768.png\" alt=\"HowBody : la combinaison parfaite de la technologie et de la beaut\u00e9\" width=\"768\" height=\"768\" alt=\"HowBody : la combinaison parfaite de la technologie et de la beaut\u00e9\">    \n  <\/a>  \n  <div class=\"item_title\">\n              <\/div>  \n<\/div>\n\n<div class=\"item ue-item\">\n  \n      <a href=\"javascript:void(0);\"> \n  \t\n  \n<img decoding=\"async\"  src=\"https:\/\/howbody.ch\/wp-content\/uploads\/2025\/10\/ecran-768x764.jpg\" alt=\"ecran\" width=\"768\" height=\"764\" alt=\"ecran\">    \n  <\/a>  \n  <div class=\"item_title\">\n              <\/div>  \n<\/div>\n\n<div class=\"item ue-item\">\n  \n      <a href=\"javascript:void(0);\"> \n  \t\n  \n<img loading=\"lazy\" decoding=\"async\"  src=\"https:\/\/howbody.ch\/wp-content\/uploads\/2025\/10\/composition.jpg\" alt=\"composition\" width=\"740\" height=\"744\" alt=\"composition\">    \n  <\/a>  \n  <div class=\"item_title\">\n              <\/div>  \n<\/div>\n\n<div class=\"item ue-item\">\n  \n      <a href=\"javascript:void(0);\"> \n  \t\n  \n<img loading=\"lazy\" decoding=\"async\"  src=\"https:\/\/howbody.ch\/wp-content\/uploads\/2025\/10\/plateau.jpg\" alt=\"plateau\" width=\"747\" height=\"746\" alt=\"plateau\">    \n  <\/a>  \n  <div class=\"item_title\">\n              <\/div>  \n<\/div>\n\n<div class=\"item ue-item\">\n  \n      <a href=\"javascript:void(0);\"> \n  \t\n  \n<img loading=\"lazy\" decoding=\"async\"  src=\"https:\/\/howbody.ch\/wp-content\/uploads\/2025\/09\/s580-background-mobil-768x768.png\" alt=\"s580 background mobil\" width=\"768\" height=\"768\" alt=\"s580 background mobil\">    \n  <\/a>  \n  <div class=\"item_title\">\n              <\/div>  \n<\/div>\n \n  <\/div>\n<\/div>\n<!-- end Justified Image Carousel -->\t\t\t\t<\/div>\n\t\t\t\t<\/div>\n\t\t\t\t<div class=\"elementor-element elementor-element-92882d4 elementor-hidden-widescreen elementor-hidden-desktop elementor-hidden-laptop elementor-widget elementor-widget-image\" data-id=\"92882d4\" data-element_type=\"widget\" data-e-type=\"widget\" data-widget_type=\"image.default\">\n\t\t\t\t\t\t\t\t\t\t\t\t\t\t\t<img loading=\"lazy\" decoding=\"async\" width=\"150\" height=\"150\" src=\"https:\/\/howbody.ch\/wp-content\/uploads\/2025\/10\/svg-swipe.gif\" class=\"attachment-thumbnail size-thumbnail wp-image-2254\" alt=\"\" \/>\t\t\t\t\t\t\t\t\t\t\t\t\t\t\t<\/div>\n\t\t\t\t<\/div>\n\t\t<div class=\"elementor-element elementor-element-0a233f1 e-con-full e-flex e-con e-parent\" data-id=\"0a233f1\" data-element_type=\"container\" data-e-type=\"container\" data-settings=\"{&quot;background_background&quot;:&quot;gradient&quot;}\">\n\t\t<div class=\"elementor-element elementor-element-784127d e-con-full e-flex e-con e-child\" data-id=\"784127d\" data-element_type=\"container\" data-e-type=\"container\">\n\t\t\t\t<div class=\"elementor-element elementor-element-031d6d6 elementor-invisible elementor-widget elementor-widget-heading\" data-id=\"031d6d6\" data-element_type=\"widget\" data-e-type=\"widget\" data-settings=\"{&quot;_animation&quot;:&quot;fadeInUp&quot;,&quot;_animation_delay&quot;:200}\" data-widget_type=\"heading.default\">\n\t\t\t\t\t<h2 class=\"elementor-heading-title elementor-size-default\">Preservare l'autonomia<\/h2>\t\t\t\t<\/div>\n\t\t\t\t<div class=\"elementor-element elementor-element-9de09e8 elementor-widget__width-initial elementor-widget-tablet__width-inherit elementor-invisible elementor-widget elementor-widget-text-editor\" data-id=\"9de09e8\" data-element_type=\"widget\" data-e-type=\"widget\" data-settings=\"{&quot;_animation&quot;:&quot;fadeInUp&quot;,&quot;_animation_delay&quot;:400}\" data-widget_type=\"text-editor.default\">\n\t\t\t\t\t\t\t\t\t<p>L&#8217;analisi corporea sta diventando un elemento fondamentale per prevenire la fragilit\u00e0 e la sarcopenia negli anziani.<\/p><ul><li><p><b>Screening della sarcopenia:<\/b> individuare precocemente la perdita di massa muscolare essenziale (sarcopenia), un fattore chiave nella perdita di indipendenza e nel rischio di cadute.<\/p><\/li><li><p><b>Monitoraggio nutrizionale:<\/b> valutare lo stato di idratazione del corpo e i livelli di proteine, indicatori vitali per adattare i piani dietetici e sostenere la forza fisica degli anziani.<\/p><\/li><li><p><b>Promuovere il movimento:<\/b> mostra l&#8217;impatto diretto dell&#8217;attivit\u00e0 fisica (anche leggera) e dell&#8217;alimentazione sulla composizione corporea. HowBody diventa un alleato per i programmi volti a mantenere la densit\u00e0 ossea, la forza e, quindi, <b>l&#8217;indipendenza<\/b> . <\/p><\/li><\/ul>\t\t\t\t\t\t\t\t<\/div>\n\t\t\t\t<div class=\"elementor-element elementor-element-ab88783 elementor-align-center elementor-widescreen-align-left elementor-invisible elementor-widget elementor-widget-button\" data-id=\"ab88783\" data-element_type=\"widget\" data-e-type=\"widget\" data-settings=\"{&quot;_animation&quot;:&quot;fadeInUp&quot;,&quot;_animation_delay&quot;:600}\" data-widget_type=\"button.default\">\n\t\t\t\t\t\t\t\t\t\t<a class=\"elementor-button elementor-button-link elementor-size-sm elementor-animation-grow\" href=\"#devis\">\n\t\t\t\t\t\t<span class=\"elementor-button-content-wrapper\">\n\t\t\t\t\t\t\t\t\t<span class=\"elementor-button-text\">Ordina il tuo HowBody<\/span>\n\t\t\t\t\t<\/span>\n\t\t\t\t\t<\/a>\n\t\t\t\t\t\t\t\t<\/div>\n\t\t\t\t<\/div>\n\t\t\t\t<div class=\"elementor-element elementor-element-55bc746 elementor-widget__width-initial elementor-widget elementor-widget-image\" data-id=\"55bc746\" data-element_type=\"widget\" data-e-type=\"widget\" data-widget_type=\"image.default\">\n\t\t\t\t\t\t\t\t\t\t\t\t\t\t\t<img loading=\"lazy\" decoding=\"async\" width=\"683\" height=\"1024\" src=\"https:\/\/howbody.ch\/wp-content\/uploads\/2025\/11\/howbody-reeducation-seniors-2-683x1024.png\" class=\"attachment-large size-large wp-image-2379\" alt=\"\" srcset=\"https:\/\/howbody.ch\/wp-content\/uploads\/2025\/11\/howbody-reeducation-seniors-2-683x1024.png 683w, https:\/\/howbody.ch\/wp-content\/uploads\/2025\/11\/howbody-reeducation-seniors-2-200x300.png 200w, https:\/\/howbody.ch\/wp-content\/uploads\/2025\/11\/howbody-reeducation-seniors-2-768x1152.png 768w, https:\/\/howbody.ch\/wp-content\/uploads\/2025\/11\/howbody-reeducation-seniors-2-1024x1536.png 1024w, https:\/\/howbody.ch\/wp-content\/uploads\/2025\/11\/howbody-reeducation-seniors-2-1365x2048.png 1365w, https:\/\/howbody.ch\/wp-content\/uploads\/2025\/11\/howbody-reeducation-seniors-2-scaled.png 1707w\" sizes=\"(max-width: 683px) 100vw, 683px\" \/>\t\t\t\t\t\t\t\t\t\t\t\t\t\t\t<\/div>\n\t\t\t\t<\/div>\n\t\t<div class=\"elementor-element elementor-element-113c7b9 e-flex e-con-boxed e-con e-parent\" data-id=\"113c7b9\" data-element_type=\"container\" data-e-type=\"container\" id=\"devis\" data-settings=\"{&quot;background_background&quot;:&quot;classic&quot;}\">\n\t\t\t\t\t<div class=\"e-con-inner\">\n\t\t\t\t\t<\/div>\n\t\t\t\t<\/div>\n\t\t\t\t<\/div>\n\t\t","protected":false},"excerpt":{"rendered":"<p>L&#8217;esperienza HowBody per il Riabilitazione e anziani Riabilitazione e ripristino della mobilit\u00e0 HowBody \u00e8 lo strumento essenziale per quantificare i progressi nella riabilitazione e supportare il recupero funzionale. Valutazione muscolare precisa: misura la distribuzione segmentale dei muscoli (gambe, braccia, tronco) per individuare deficit, prevenire squilibri e adattare con precisione gli esercizi di rafforzamento. Obiettivo: documentare [&hellip;]<\/p>\n","protected":false},"author":1,"featured_media":2377,"parent":0,"menu_order":0,"comment_status":"closed","ping_status":"closed","template":"","meta":{"footnotes":""},"class_list":["post-2373","page","type-page","status-publish","has-post-thumbnail","hentry"],"yoast_head":"<!-- This site is optimized with the Yoast SEO plugin v27.2 - https:\/\/yoast.com\/product\/yoast-seo-wordpress\/ -->\n<title>Riabilitazione e anziani | HowBody<\/title>\n<meta name=\"robots\" content=\"index, follow, max-snippet:-1, max-image-preview:large, max-video-preview:-1\" \/>\n<link rel=\"canonical\" href=\"https:\/\/howbody.ch\/it\/riabilitazione-e-anziani\/\" \/>\n<meta property=\"og:locale\" content=\"it_IT\" \/>\n<meta property=\"og:type\" content=\"article\" \/>\n<meta property=\"og:title\" content=\"Riabilitazione e anziani | HowBody\" \/>\n<meta property=\"og:description\" content=\"L&#8217;esperienza HowBody per il Riabilitazione e anziani Riabilitazione e ripristino della mobilit\u00e0 HowBody \u00e8 lo strumento essenziale per quantificare i progressi nella riabilitazione e supportare il recupero funzionale. Valutazione muscolare precisa: misura la distribuzione segmentale dei muscoli (gambe, braccia, tronco) per individuare deficit, prevenire squilibri e adattare con precisione gli esercizi di rafforzamento. Obiettivo: documentare [&hellip;]\" \/>\n<meta property=\"og:url\" content=\"https:\/\/howbody.ch\/it\/riabilitazione-e-anziani\/\" \/>\n<meta property=\"og:site_name\" content=\"HowBody\" \/>\n<meta property=\"article:modified_time\" content=\"2025-11-28T11:29:36+00:00\" \/>\n<meta property=\"og:image\" content=\"https:\/\/howbody.ch\/wp-content\/uploads\/2025\/11\/reeducation-restaurer-la-mobilite.jpg\" \/>\n\t<meta property=\"og:image:width\" content=\"1080\" \/>\n\t<meta property=\"og:image:height\" content=\"1610\" \/>\n\t<meta property=\"og:image:type\" content=\"image\/jpeg\" \/>\n<meta name=\"twitter:card\" content=\"summary_large_image\" \/>\n<meta name=\"twitter:label1\" content=\"Tempo di lettura stimato\" \/>\n\t<meta name=\"twitter:data1\" content=\"1 minuto\" \/>\n<!-- \/ Yoast SEO plugin. -->","yoast_head_json":{"title":"Riabilitazione e anziani | HowBody","robots":{"index":"index","follow":"follow","max-snippet":"max-snippet:-1","max-image-preview":"max-image-preview:large","max-video-preview":"max-video-preview:-1"},"canonical":"https:\/\/howbody.ch\/it\/riabilitazione-e-anziani\/","og_locale":"it_IT","og_type":"article","og_title":"Riabilitazione e anziani | HowBody","og_description":"L&#8217;esperienza HowBody per il Riabilitazione e anziani Riabilitazione e ripristino della mobilit\u00e0 HowBody \u00e8 lo strumento essenziale per quantificare i progressi nella riabilitazione e supportare il recupero funzionale. Valutazione muscolare precisa: misura la distribuzione segmentale dei muscoli (gambe, braccia, tronco) per individuare deficit, prevenire squilibri e adattare con precisione gli esercizi di rafforzamento. Obiettivo: documentare [&hellip;]","og_url":"https:\/\/howbody.ch\/it\/riabilitazione-e-anziani\/","og_site_name":"HowBody","article_modified_time":"2025-11-28T11:29:36+00:00","og_image":[{"width":1080,"height":1610,"url":"https:\/\/howbody.ch\/wp-content\/uploads\/2025\/11\/reeducation-restaurer-la-mobilite.jpg","type":"image\/jpeg"}],"twitter_card":"summary_large_image","twitter_misc":{"Tempo di lettura stimato":"1 minuto"},"schema":{"@context":"https:\/\/schema.org","@graph":[{"@type":"WebPage","@id":"https:\/\/howbody.ch\/it\/riabilitazione-e-anziani\/","url":"https:\/\/howbody.ch\/it\/riabilitazione-e-anziani\/","name":"Riabilitazione e anziani | HowBody","isPartOf":{"@id":"https:\/\/howbody.ch\/it\/#website"},"primaryImageOfPage":{"@id":"https:\/\/howbody.ch\/it\/riabilitazione-e-anziani\/#primaryimage"},"image":{"@id":"https:\/\/howbody.ch\/it\/riabilitazione-e-anziani\/#primaryimage"},"thumbnailUrl":"https:\/\/howbody.ch\/wp-content\/uploads\/2025\/11\/howbody-reeducation-seniors-header.png","datePublished":"2025-11-03T08:51:44+00:00","dateModified":"2025-11-28T11:29:36+00:00","breadcrumb":{"@id":"https:\/\/howbody.ch\/it\/riabilitazione-e-anziani\/#breadcrumb"},"inLanguage":"it-IT","potentialAction":[{"@type":"ReadAction","target":["https:\/\/howbody.ch\/it\/riabilitazione-e-anziani\/"]}]},{"@type":"ImageObject","inLanguage":"it-IT","@id":"https:\/\/howbody.ch\/it\/riabilitazione-e-anziani\/#primaryimage","url":"https:\/\/howbody.ch\/wp-content\/uploads\/2025\/11\/howbody-reeducation-seniors-header.png","contentUrl":"https:\/\/howbody.ch\/wp-content\/uploads\/2025\/11\/howbody-reeducation-seniors-header.png","width":2100,"height":1376,"caption":"L\u2019exp\u00e9rience HowBody pour la R\u00e9\u00e9ducation et les Seniors"},{"@type":"BreadcrumbList","@id":"https:\/\/howbody.ch\/it\/riabilitazione-e-anziani\/#breadcrumb","itemListElement":[{"@type":"ListItem","position":1,"name":"Accueil","item":"https:\/\/howbody.ch\/it\/benvenuto\/"},{"@type":"ListItem","position":2,"name":"Riabilitazione e anziani"}]},{"@type":"WebSite","@id":"https:\/\/howbody.ch\/it\/#website","url":"https:\/\/howbody.ch\/it\/","name":"HowBody","description":"La pr\u00e9cision au service du bien-\u00eatre","publisher":{"@id":"https:\/\/howbody.ch\/it\/#organization"},"potentialAction":[{"@type":"SearchAction","target":{"@type":"EntryPoint","urlTemplate":"https:\/\/howbody.ch\/it\/?s={search_term_string}"},"query-input":{"@type":"PropertyValueSpecification","valueRequired":true,"valueName":"search_term_string"}}],"inLanguage":"it-IT"},{"@type":"Organization","@id":"https:\/\/howbody.ch\/it\/#organization","name":"HowBody","url":"https:\/\/howbody.ch\/it\/","logo":{"@type":"ImageObject","inLanguage":"it-IT","@id":"https:\/\/howbody.ch\/it\/#\/schema\/logo\/image\/","url":"https:\/\/howbody.ch\/wp-content\/uploads\/2025\/09\/howbody_logo-noBG.png","contentUrl":"https:\/\/howbody.ch\/wp-content\/uploads\/2025\/09\/howbody_logo-noBG.png","width":713,"height":123,"caption":"HowBody"},"image":{"@id":"https:\/\/howbody.ch\/it\/#\/schema\/logo\/image\/"}}]}},"_links":{"self":[{"href":"https:\/\/howbody.ch\/it\/wp-json\/wp\/v2\/pages\/2373","targetHints":{"allow":["GET"]}}],"collection":[{"href":"https:\/\/howbody.ch\/it\/wp-json\/wp\/v2\/pages"}],"about":[{"href":"https:\/\/howbody.ch\/it\/wp-json\/wp\/v2\/types\/page"}],"author":[{"embeddable":true,"href":"https:\/\/howbody.ch\/it\/wp-json\/wp\/v2\/users\/1"}],"replies":[{"embeddable":true,"href":"https:\/\/howbody.ch\/it\/wp-json\/wp\/v2\/comments?post=2373"}],"version-history":[{"count":5,"href":"https:\/\/howbody.ch\/it\/wp-json\/wp\/v2\/pages\/2373\/revisions"}],"predecessor-version":[{"id":3063,"href":"https:\/\/howbody.ch\/it\/wp-json\/wp\/v2\/pages\/2373\/revisions\/3063"}],"wp:featuredmedia":[{"embeddable":true,"href":"https:\/\/howbody.ch\/it\/wp-json\/wp\/v2\/media\/2377"}],"wp:attachment":[{"href":"https:\/\/howbody.ch\/it\/wp-json\/wp\/v2\/media?parent=2373"}],"curies":[{"name":"wp","href":"https:\/\/api.w.org\/{rel}","templated":true}]}}